{"id":190,"date":"2024-06-03T13:09:57","date_gmt":"2024-06-03T11:09:57","guid":{"rendered":"https:\/\/ecolesportive.bonsoleil.es\/presentacion\/"},"modified":"2025-07-15T12:53:07","modified_gmt":"2025-07-15T10:53:07","slug":"presentation","status":"publish","type":"page","link":"https:\/\/ecolesportive.bonsoleil.es\/fr\/presentation\/","title":{"rendered":"Pr\u00e9sentation"},"content":{"rendered":"\n<div class=\"wp-block-columns is-layout-flex wp-container-core-columns-is-layout-9d6595d7 wp-block-columns-is-layout-flex\">\n<div class=\"wp-block-column is-layout-flow wp-block-column-is-layout-flow\" style=\"flex-basis:66.66%\">\n<p>Dans notre \u00e9cole, nous nous effor\u00e7ons d&rsquo;offrir des opportunit\u00e9s d&rsquo;apprentissage et de d\u00e9veloppement au-del\u00e0 de la salle de classe. Notre catalogue d&rsquo;activit\u00e9s extrascolaires est con\u00e7u pour enrichir l&rsquo;exp\u00e9rience \u00e9ducative de nos \u00e9l\u00e8ves, en encourageant leurs talents, leurs int\u00e9r\u00eats et leurs comp\u00e9tences.<\/p>\n\n\n\n<p>La danse, le patinage, le basket-ball, le football en salle, le volley-ball, la natation, la robotique, les activit\u00e9s manuelles ou les cours de soutien sont autant d&rsquo;activit\u00e9s que nous proposons, de 16h30 \u00e0 18h30.<\/p>\n\n\n\n<p>L&rsquo;objectif est de permettre aux \u00e9l\u00e8ves de vivre de nouvelles exp\u00e9riences et de faire en sorte que le sport les aide \u00e0 d\u00e9velopper leurs comp\u00e9tences et \u00e0 renforcer leur personnalit\u00e9 et leur estime de soi.<\/p>\n<\/div>\n\n\n\n<div class=\"wp-block-column is-layout-flow wp-block-column-is-layout-flow\" style=\"flex-basis:33.33%\">\n<figure class=\"wp-block-image size-full\"><img loading=\"lazy\" decoding=\"async\" width=\"486\" height=\"314\" src=\"https:\/\/ecolesportive.bonsoleil.es\/wp-content\/uploads\/2024\/07\/presentacion_img.jpg\" alt=\"\" class=\"wp-image-149\" srcset=\"https:\/\/ecolesportive.bonsoleil.es\/wp-content\/uploads\/2024\/07\/presentacion_img.jpg 486w, https:\/\/ecolesportive.bonsoleil.es\/wp-content\/uploads\/2024\/07\/presentacion_img-250x162.jpg 250w, https:\/\/ecolesportive.bonsoleil.es\/wp-content\/uploads\/2024\/07\/presentacion_img-120x78.jpg 120w\" sizes=\"auto, (max-width: 486px) 100vw, 486px\" \/><\/figure>\n<\/div>\n<\/div>\n","protected":false},"excerpt":{"rendered":"Dans notre \u00e9cole, nous nous effor\u00e7ons d&rsquo;offrir des opportunit\u00e9s d&rsquo;apprentissage et de d\u00e9veloppement au-del\u00e0 de la salle de classe. Notre catalogue d&rsquo;activit\u00e9s extrascolaires est con\u00e7u pour enrichir l&rsquo;exp\u00e9rience \u00e9ducative de nos \u00e9l\u00e8ves, en encourageant leurs talents, leurs int\u00e9r\u00eats et leurs comp\u00e9tences. La danse, le patinage, le basket-ball, le football en salle, le volley-ball, la natation,&#8230; <a class=\"view-article\" href=\"https:\/\/ecolesportive.bonsoleil.es\/fr\/presentation\/\">Voir l&rsquo;article<\/a>","protected":false},"author":2,"featured_media":0,"parent":0,"menu_order":0,"comment_status":"closed","ping_status":"open","template":"","meta":{"_acf_changed":false,"footnotes":""},"class_list":["post-190","page","type-page","status-publish","hentry"],"acf":[],"_links":{"self":[{"href":"https:\/\/ecolesportive.bonsoleil.es\/fr\/wp-json\/wp\/v2\/pages\/190","targetHints":{"allow":["GET"]}}],"collection":[{"href":"https:\/\/ecolesportive.bonsoleil.es\/fr\/wp-json\/wp\/v2\/pages"}],"about":[{"href":"https:\/\/ecolesportive.bonsoleil.es\/fr\/wp-json\/wp\/v2\/types\/page"}],"author":[{"embeddable":true,"href":"https:\/\/ecolesportive.bonsoleil.es\/fr\/wp-json\/wp\/v2\/users\/2"}],"replies":[{"embeddable":true,"href":"https:\/\/ecolesportive.bonsoleil.es\/fr\/wp-json\/wp\/v2\/comments?post=190"}],"version-history":[{"count":2,"href":"https:\/\/ecolesportive.bonsoleil.es\/fr\/wp-json\/wp\/v2\/pages\/190\/revisions"}],"predecessor-version":[{"id":305,"href":"https:\/\/ecolesportive.bonsoleil.es\/fr\/wp-json\/wp\/v2\/pages\/190\/revisions\/305"}],"wp:attachment":[{"href":"https:\/\/ecolesportive.bonsoleil.es\/fr\/wp-json\/wp\/v2\/media?parent=190"}],"curies":[{"name":"wp","href":"https:\/\/api.w.org\/{rel}","templated":true}]}}